{"id":155,"date":"2022-04-19T11:19:49","date_gmt":"2022-04-19T11:19:49","guid":{"rendered":"https:\/\/renatekruse.de\/?page_id=155"},"modified":"2023-05-14T19:16:18","modified_gmt":"2023-05-14T19:16:18","slug":"kontakt","status":"publish","type":"page","link":"https:\/\/www.renatekruse.de\/?page_id=155","title":{"rendered":"Kontakt"},"content":{"rendered":"\t\t<div data-elementor-type=\"wp-page\" data-elementor-id=\"155\" class=\"elementor elementor-155\">\n\t\t\t\t\t\t<section class=\"elementor-section elementor-top-section elementor-element elementor-element-60c32e65 elementor-section-boxed elementor-section-height-default elementor-section-height-default\" data-id=\"60c32e65\" data-element_type=\"section\" data-e-type=\"section\">\n\t\t\t\t\t\t<div class=\"elementor-container elementor-column-gap-default\">\n\t\t\t\t\t<div class=\"elementor-column elementor-col-100 elementor-top-column elementor-element elementor-element-790d1ce9\" data-id=\"790d1ce9\" data-element_type=\"column\" data-e-type=\"column\">\n\t\t\t<div class=\"elementor-widget-wrap elementor-element-populated\">\n\t\t\t\t\t\t<div class=\"elementor-element elementor-element-4c970b2d elementor-widget elementor-widget-text-editor\" data-id=\"4c970b2d\" data-element_type=\"widget\" data-e-type=\"widget\" data-widget_type=\"text-editor.default\">\n\t\t\t\t<div class=\"elementor-widget-container\">\n\t\t\t\t\t\t\t\t\t<h3>&nbsp;<\/h3>\n<p style=\"text-align: center;\"><span style=\"color: #000000;\">Kontaktieren Sie mich gerne jederzeit:<br><\/span><span style=\"color: rgb(0, 0, 0); font-family: var( --e-global-typography-text-font-family ), Sans-serif;\"><br><b style=\"font-size: 1.875rem;\">Praxis f\u00fcr systemische Beratung<\/b><\/span><\/p>\n<p style=\"text-align: center;\"><span style=\"color: #000000;\">Renate Kruse<br><\/span><span style=\"color: rgb(0, 0, 0); font-family: var( --e-global-typography-text-font-family ), Sans-serif; font-weight: var( --e-global-typography-text-font-weight ); font-size: 1rem;\">Prager Str. 29a<br><\/span><span style=\"color: rgb(0, 0, 0); font-family: var( --e-global-typography-text-font-family ), Sans-serif; font-weight: var( --e-global-typography-text-font-weight ); font-size: 1rem;\">51469 Bergisch Gladbach<\/span><\/p>\n<p style=\"text-align: center;\"><span style=\"color: #000000;\">E-Mail Adresse: renate.kruse@gmx.de<br><\/span><span style=\"color: rgb(0, 0, 0); font-family: var( --e-global-typography-text-font-family ), Sans-serif; font-weight: var( --e-global-typography-text-font-weight ); font-size: 1rem;\">Handy: 0178 9759 684<br><\/span><span style=\"color: rgb(0, 0, 0); font-family: var( --e-global-typography-text-font-family ), Sans-serif; font-weight: var( --e-global-typography-text-font-weight ); font-size: 1rem;\">Festnetz: 02202 \/ 51152<\/span><\/p>\n<div class=\"vc_col-sm-6 wpb_column vc_column_container\">\n<div class=\"vc_column-inner\">\n<div class=\"wpb_wrapper\">\n<div class=\"wpb_text_column \">\n<div class=\"wpb_wrapper\">\n<p style=\"text-align: center;\"><span style=\"color: #000000;\">Fragen zu Terminen und Honoraren beantworte ich Ihnen gerne pers\u00f6nlich <br>in einem Telefonat oder per Email.<\/span><\/p>\n<\/div>\n<\/div>\n<\/div>\n<\/div>\n<\/div>\t\t\t\t\t\t\t\t<\/div>\n\t\t\t\t<\/div>\n\t\t\t\t\t<\/div>\n\t\t<\/div>\n\t\t\t\t\t<\/div>\n\t\t<\/section>\n\t\t\t\t<\/div>\n\t\t","protected":false},"excerpt":{"rendered":"<p>&nbsp; Kontaktieren Sie mich gerne jederzeit: Praxis f\u00fcr systemische Beratung Renate KrusePrager Str. 29a51469 Bergisch Gladbach E-Mail Adresse: renate.kruse@gmx.deHandy: 0178 9759 684Festnetz: 02202 \/ 51152 Fragen zu Terminen und Honoraren beantworte ich Ihnen gerne pers\u00f6nlich in einem Telefonat oder per Email.<\/p>\n","protected":false},"author":1,"featured_media":585,"parent":0,"menu_order":0,"comment_status":"closed","ping_status":"closed","template":"","meta":{"footnotes":""},"class_list":["post-155","page","type-page","status-publish","has-post-thumbnail","hentry"],"yoast_head":"<!-- This site is optimized with the Yoast SEO plugin v27.3 - https:\/\/yoast.com\/product\/yoast-seo-wordpress\/ -->\n<title>Kontakt - Familienberatung - systemisch, l\u00f6sungsorientiert<\/title>\n<meta name=\"description\" content=\"Kontakt Familienberatung - systemisch, l\u00f6sungsorientiert -\" \/>\n<meta name=\"robots\" content=\"index, follow, max-snippet:-1, max-image-preview:large, max-video-preview:-1\" \/>\n<link rel=\"canonical\" href=\"https:\/\/www.renatekruse.de\/?page_id=155\" \/>\n<meta property=\"og:locale\" content=\"de_DE\" \/>\n<meta property=\"og:type\" content=\"article\" \/>\n<meta property=\"og:title\" content=\"Kontakt - Familienberatung - systemisch, l\u00f6sungsorientiert\" \/>\n<meta property=\"og:description\" content=\"Kontakt Familienberatung - systemisch, l\u00f6sungsorientiert -\" \/>\n<meta property=\"og:url\" content=\"https:\/\/www.renatekruse.de\/?page_id=155\" \/>\n<meta property=\"og:site_name\" content=\"Familienberatung - systemisch, l\u00f6sungsorientiert\" \/>\n<meta property=\"article:modified_time\" content=\"2023-05-14T19:16:18+00:00\" \/>\n<meta property=\"og:image\" content=\"https:\/\/www.renatekruse.de\/wp-content\/uploads\/2023\/02\/renatekruse2.jpg\" \/>\n\t<meta property=\"og:image:width\" content=\"2400\" \/>\n\t<meta property=\"og:image:height\" content=\"1600\" \/>\n\t<meta property=\"og:image:type\" content=\"image\/jpeg\" \/>\n<meta name=\"twitter:card\" content=\"summary_large_image\" \/>\n<meta name=\"twitter:label1\" content=\"Gesch\u00e4tzte Lesezeit\" \/>\n\t<meta name=\"twitter:data1\" content=\"1\u00a0Minute\" \/>\n<script type=\"application\/ld+json\" class=\"yoast-schema-graph\">{\"@context\":\"https:\\\/\\\/schema.org\",\"@graph\":[{\"@type\":\"WebPage\",\"@id\":\"https:\\\/\\\/www.renatekruse.de\\\/?page_id=155\",\"url\":\"https:\\\/\\\/www.renatekruse.de\\\/?page_id=155\",\"name\":\"Kontakt - Familienberatung - systemisch, l\u00f6sungsorientiert\",\"isPartOf\":{\"@id\":\"https:\\\/\\\/www.renatekruse.de\\\/#website\"},\"primaryImageOfPage\":{\"@id\":\"https:\\\/\\\/www.renatekruse.de\\\/?page_id=155#primaryimage\"},\"image\":{\"@id\":\"https:\\\/\\\/www.renatekruse.de\\\/?page_id=155#primaryimage\"},\"thumbnailUrl\":\"https:\\\/\\\/www.renatekruse.de\\\/wp-content\\\/uploads\\\/2023\\\/02\\\/renatekruse2.jpg\",\"datePublished\":\"2022-04-19T11:19:49+00:00\",\"dateModified\":\"2023-05-14T19:16:18+00:00\",\"description\":\"Kontakt Familienberatung - systemisch, l\u00f6sungsorientiert -\",\"breadcrumb\":{\"@id\":\"https:\\\/\\\/www.renatekruse.de\\\/?page_id=155#breadcrumb\"},\"inLanguage\":\"de\",\"potentialAction\":[{\"@type\":\"ReadAction\",\"target\":[\"https:\\\/\\\/www.renatekruse.de\\\/?page_id=155\"]}]},{\"@type\":\"ImageObject\",\"inLanguage\":\"de\",\"@id\":\"https:\\\/\\\/www.renatekruse.de\\\/?page_id=155#primaryimage\",\"url\":\"https:\\\/\\\/www.renatekruse.de\\\/wp-content\\\/uploads\\\/2023\\\/02\\\/renatekruse2.jpg\",\"contentUrl\":\"https:\\\/\\\/www.renatekruse.de\\\/wp-content\\\/uploads\\\/2023\\\/02\\\/renatekruse2.jpg\",\"width\":2400,\"height\":1600,\"caption\":\"Renate Kruse vor einem gr\u00fcnen Hintergrund vor ihrer Praxis f\u00fcr Familienberatung und Heilp\u00e4dagogik\"},{\"@type\":\"BreadcrumbList\",\"@id\":\"https:\\\/\\\/www.renatekruse.de\\\/?page_id=155#breadcrumb\",\"itemListElement\":[{\"@type\":\"ListItem\",\"position\":1,\"name\":\"Startseite\",\"item\":\"https:\\\/\\\/www.renatekruse.de\\\/\"},{\"@type\":\"ListItem\",\"position\":2,\"name\":\"Kontakt\"}]},{\"@type\":\"WebSite\",\"@id\":\"https:\\\/\\\/www.renatekruse.de\\\/#website\",\"url\":\"https:\\\/\\\/www.renatekruse.de\\\/\",\"name\":\"Familienberatung und Heilp\u00e4dagogik\",\"description\":\"Renate Kruse, Bergisch Gladbach, Systemische Beratung, Familienberatung, Heilp\u00e4dagogik, Marte Meo Therapie\",\"alternateName\":\"Renate Kruse\",\"potentialAction\":[{\"@type\":\"SearchAction\",\"target\":{\"@type\":\"EntryPoint\",\"urlTemplate\":\"https:\\\/\\\/www.renatekruse.de\\\/?s={search_term_string}\"},\"query-input\":{\"@type\":\"PropertyValueSpecification\",\"valueRequired\":true,\"valueName\":\"search_term_string\"}}],\"inLanguage\":\"de\"}]}<\/script>\n<!-- \/ Yoast SEO plugin. -->","yoast_head_json":{"title":"Kontakt - Familienberatung - systemisch, l\u00f6sungsorientiert","description":"Kontakt Familienberatung - systemisch, l\u00f6sungsorientiert -","robots":{"index":"index","follow":"follow","max-snippet":"max-snippet:-1","max-image-preview":"max-image-preview:large","max-video-preview":"max-video-preview:-1"},"canonical":"https:\/\/www.renatekruse.de\/?page_id=155","og_locale":"de_DE","og_type":"article","og_title":"Kontakt - Familienberatung - systemisch, l\u00f6sungsorientiert","og_description":"Kontakt Familienberatung - systemisch, l\u00f6sungsorientiert -","og_url":"https:\/\/www.renatekruse.de\/?page_id=155","og_site_name":"Familienberatung - systemisch, l\u00f6sungsorientiert","article_modified_time":"2023-05-14T19:16:18+00:00","og_image":[{"width":2400,"height":1600,"url":"https:\/\/www.renatekruse.de\/wp-content\/uploads\/2023\/02\/renatekruse2.jpg","type":"image\/jpeg"}],"twitter_card":"summary_large_image","twitter_misc":{"Gesch\u00e4tzte Lesezeit":"1\u00a0Minute"},"schema":{"@context":"https:\/\/schema.org","@graph":[{"@type":"WebPage","@id":"https:\/\/www.renatekruse.de\/?page_id=155","url":"https:\/\/www.renatekruse.de\/?page_id=155","name":"Kontakt - Familienberatung - systemisch, l\u00f6sungsorientiert","isPartOf":{"@id":"https:\/\/www.renatekruse.de\/#website"},"primaryImageOfPage":{"@id":"https:\/\/www.renatekruse.de\/?page_id=155#primaryimage"},"image":{"@id":"https:\/\/www.renatekruse.de\/?page_id=155#primaryimage"},"thumbnailUrl":"https:\/\/www.renatekruse.de\/wp-content\/uploads\/2023\/02\/renatekruse2.jpg","datePublished":"2022-04-19T11:19:49+00:00","dateModified":"2023-05-14T19:16:18+00:00","description":"Kontakt Familienberatung - systemisch, l\u00f6sungsorientiert -","breadcrumb":{"@id":"https:\/\/www.renatekruse.de\/?page_id=155#breadcrumb"},"inLanguage":"de","potentialAction":[{"@type":"ReadAction","target":["https:\/\/www.renatekruse.de\/?page_id=155"]}]},{"@type":"ImageObject","inLanguage":"de","@id":"https:\/\/www.renatekruse.de\/?page_id=155#primaryimage","url":"https:\/\/www.renatekruse.de\/wp-content\/uploads\/2023\/02\/renatekruse2.jpg","contentUrl":"https:\/\/www.renatekruse.de\/wp-content\/uploads\/2023\/02\/renatekruse2.jpg","width":2400,"height":1600,"caption":"Renate Kruse vor einem gr\u00fcnen Hintergrund vor ihrer Praxis f\u00fcr Familienberatung und Heilp\u00e4dagogik"},{"@type":"BreadcrumbList","@id":"https:\/\/www.renatekruse.de\/?page_id=155#breadcrumb","itemListElement":[{"@type":"ListItem","position":1,"name":"Startseite","item":"https:\/\/www.renatekruse.de\/"},{"@type":"ListItem","position":2,"name":"Kontakt"}]},{"@type":"WebSite","@id":"https:\/\/www.renatekruse.de\/#website","url":"https:\/\/www.renatekruse.de\/","name":"Familienberatung und Heilp\u00e4dagogik","description":"Renate Kruse, Bergisch Gladbach, Systemische Beratung, Familienberatung, Heilp\u00e4dagogik, Marte Meo Therapie","alternateName":"Renate Kruse","potentialAction":[{"@type":"SearchAction","target":{"@type":"EntryPoint","urlTemplate":"https:\/\/www.renatekruse.de\/?s={search_term_string}"},"query-input":{"@type":"PropertyValueSpecification","valueRequired":true,"valueName":"search_term_string"}}],"inLanguage":"de"}]}},"_links":{"self":[{"href":"https:\/\/www.renatekruse.de\/index.php?rest_route=\/wp\/v2\/pages\/155","targetHints":{"allow":["GET"]}}],"collection":[{"href":"https:\/\/www.renatekruse.de\/index.php?rest_route=\/wp\/v2\/pages"}],"about":[{"href":"https:\/\/www.renatekruse.de\/index.php?rest_route=\/wp\/v2\/types\/page"}],"author":[{"embeddable":true,"href":"https:\/\/www.renatekruse.de\/index.php?rest_route=\/wp\/v2\/users\/1"}],"replies":[{"embeddable":true,"href":"https:\/\/www.renatekruse.de\/index.php?rest_route=%2Fwp%2Fv2%2Fcomments&post=155"}],"version-history":[{"count":36,"href":"https:\/\/www.renatekruse.de\/index.php?rest_route=\/wp\/v2\/pages\/155\/revisions"}],"predecessor-version":[{"id":728,"href":"https:\/\/www.renatekruse.de\/index.php?rest_route=\/wp\/v2\/pages\/155\/revisions\/728"}],"wp:featuredmedia":[{"embeddable":true,"href":"https:\/\/www.renatekruse.de\/index.php?rest_route=\/wp\/v2\/media\/585"}],"wp:attachment":[{"href":"https:\/\/www.renatekruse.de\/index.php?rest_route=%2Fwp%2Fv2%2Fmedia&parent=155"}],"curies":[{"name":"wp","href":"https:\/\/api.w.org\/{rel}","templated":true}]}}