{"id":557,"date":"2023-02-05T14:07:18","date_gmt":"2023-02-05T14:07:18","guid":{"rendered":"https:\/\/renatekruse.de\/?page_id=557"},"modified":"2023-07-21T19:07:25","modified_gmt":"2023-07-21T19:07:25","slug":"herzlich-willkommen","status":"publish","type":"page","link":"https:\/\/www.renatekruse.de\/","title":{"rendered":"HERZLICH WILLKOMMEN!"},"content":{"rendered":"\t\t<div data-elementor-type=\"wp-page\" data-elementor-id=\"557\" class=\"elementor elementor-557\">\n\t\t\t\t\t\t<section class=\"elementor-section elementor-top-section elementor-element elementor-element-4ee6fdcd elementor-section-boxed elementor-section-height-default elementor-section-height-default\" data-id=\"4ee6fdcd\" data-element_type=\"section\" data-e-type=\"section\">\n\t\t\t\t\t\t<div class=\"elementor-container elementor-column-gap-default\">\n\t\t\t\t\t<div class=\"elementor-column elementor-col-100 elementor-top-column elementor-element elementor-element-bb4024d\" data-id=\"bb4024d\" data-element_type=\"column\" data-e-type=\"column\">\n\t\t\t<div class=\"elementor-widget-wrap elementor-element-populated\">\n\t\t\t\t\t\t<div class=\"elementor-element elementor-element-345bd810 elementor-widget elementor-widget-text-editor\" data-id=\"345bd810\" data-element_type=\"widget\" data-e-type=\"widget\" data-widget_type=\"text-editor.default\">\n\t\t\t\t<div class=\"elementor-widget-container\">\n\t\t\t\t\t\t\t\t\t<p>Mein Name ist Renate Kruse. Ich freue mich, dass Sie den Weg auf meine Website gefunden haben!<\/p><p>In meiner Praxis k\u00f6nnen sich Familien, Erwachsene, Kinder und Jugendliche in aller Ruhe mit ihren Themen besch\u00e4ftigen und L\u00f6sungen finden.<\/p><p>Meine methodischen Ans\u00e4tze kommen unter anderem aus der<\/p><ul><li style=\"list-style-type: none;\"><ul><li>systemischen, l\u00f6sungsorientierten Beratung<\/li><li>Heilp\u00e4dagogik<\/li><li>Marte Meo Therapie\u00a0\u00a0<\/li><\/ul><\/li><\/ul><p>Kontaktieren Sie mich jederzeit gerne!<\/p>\t\t\t\t\t\t\t\t<\/div>\n\t\t\t\t<\/div>\n\t\t\t\t\t<\/div>\n\t\t<\/div>\n\t\t\t\t\t<\/div>\n\t\t<\/section>\n\t\t\t\t<\/div>\n\t\t","protected":false},"excerpt":{"rendered":"<p>Mein Name ist Renate Kruse. Ich freue mich, dass Sie den Weg auf meine Website gefunden haben! In meiner Praxis k\u00f6nnen sich Familien, Erwachsene, Kinder und Jugendliche in aller Ruhe mit ihren Themen besch\u00e4ftigen und L\u00f6sungen finden. Meine methodischen Ans\u00e4tze kommen unter anderem aus der systemischen, l\u00f6sungsorientierten Beratung Heilp\u00e4dagogik Marte Meo Therapie\u00a0\u00a0 Kontaktieren Sie mich &hellip; <\/p>\n<p class=\"link-more\"><a href=\"https:\/\/www.renatekruse.de\/\" class=\"more-link\"><span class=\"screen-reader-text\">\u201eHERZLICH WILLKOMMEN!\u201c<\/span> weiterlesen<\/a><\/p>\n","protected":false},"author":1,"featured_media":0,"parent":0,"menu_order":0,"comment_status":"closed","ping_status":"closed","template":"","meta":{"footnotes":""},"class_list":["post-557","page","type-page","status-publish","hentry"],"yoast_head":"<!-- This site is optimized with the Yoast SEO plugin v27.3 - https:\/\/yoast.com\/product\/yoast-seo-wordpress\/ -->\n<title>HERZLICH WILLKOMMEN! - Familienberatung - systemisch, l\u00f6sungsorientiert<\/title>\n<meta name=\"description\" content=\"HERZLICH WILLKOMMEN! Familienberatung - systemisch, l\u00f6sungsorientiert -\" \/>\n<meta name=\"robots\" content=\"index, follow, max-snippet:-1, max-image-preview:large, max-video-preview:-1\" \/>\n<link rel=\"canonical\" href=\"https:\/\/www.renatekruse.de\/\" \/>\n<meta property=\"og:locale\" content=\"de_DE\" \/>\n<meta property=\"og:type\" content=\"article\" \/>\n<meta property=\"og:title\" content=\"HERZLICH WILLKOMMEN! - Familienberatung - systemisch, l\u00f6sungsorientiert\" \/>\n<meta property=\"og:description\" content=\"HERZLICH WILLKOMMEN! Familienberatung - systemisch, l\u00f6sungsorientiert -\" \/>\n<meta property=\"og:url\" content=\"https:\/\/www.renatekruse.de\/\" \/>\n<meta property=\"og:site_name\" content=\"Familienberatung - systemisch, l\u00f6sungsorientiert\" \/>\n<meta property=\"article:modified_time\" content=\"2023-07-21T19:07:25+00:00\" \/>\n<meta name=\"twitter:card\" content=\"summary_large_image\" \/>\n<meta name=\"twitter:label1\" content=\"Gesch\u00e4tzte Lesezeit\" \/>\n\t<meta name=\"twitter:data1\" content=\"1\u00a0Minute\" \/>\n<script type=\"application\/ld+json\" class=\"yoast-schema-graph\">{\"@context\":\"https:\\\/\\\/schema.org\",\"@graph\":[{\"@type\":\"WebPage\",\"@id\":\"https:\\\/\\\/www.renatekruse.de\\\/\",\"url\":\"https:\\\/\\\/www.renatekruse.de\\\/\",\"name\":\"HERZLICH WILLKOMMEN! - Familienberatung - systemisch, l\u00f6sungsorientiert\",\"isPartOf\":{\"@id\":\"https:\\\/\\\/www.renatekruse.de\\\/#website\"},\"datePublished\":\"2023-02-05T14:07:18+00:00\",\"dateModified\":\"2023-07-21T19:07:25+00:00\",\"description\":\"HERZLICH WILLKOMMEN! Familienberatung - systemisch, l\u00f6sungsorientiert -\",\"breadcrumb\":{\"@id\":\"https:\\\/\\\/www.renatekruse.de\\\/#breadcrumb\"},\"inLanguage\":\"de\",\"potentialAction\":[{\"@type\":\"ReadAction\",\"target\":[\"https:\\\/\\\/www.renatekruse.de\\\/\"]}]},{\"@type\":\"BreadcrumbList\",\"@id\":\"https:\\\/\\\/www.renatekruse.de\\\/#breadcrumb\",\"itemListElement\":[{\"@type\":\"ListItem\",\"position\":1,\"name\":\"Startseite\",\"item\":\"https:\\\/\\\/www.renatekruse.de\\\/\"},{\"@type\":\"ListItem\",\"position\":2,\"name\":\"HERZLICH WILLKOMMEN!\"}]},{\"@type\":\"WebSite\",\"@id\":\"https:\\\/\\\/www.renatekruse.de\\\/#website\",\"url\":\"https:\\\/\\\/www.renatekruse.de\\\/\",\"name\":\"Familienberatung und Heilp\u00e4dagogik\",\"description\":\"Renate Kruse, Bergisch Gladbach, Systemische Beratung, Familienberatung, Heilp\u00e4dagogik, Marte Meo Therapie\",\"alternateName\":\"Renate Kruse\",\"potentialAction\":[{\"@type\":\"SearchAction\",\"target\":{\"@type\":\"EntryPoint\",\"urlTemplate\":\"https:\\\/\\\/www.renatekruse.de\\\/?s={search_term_string}\"},\"query-input\":{\"@type\":\"PropertyValueSpecification\",\"valueRequired\":true,\"valueName\":\"search_term_string\"}}],\"inLanguage\":\"de\"}]}<\/script>\n<!-- \/ Yoast SEO plugin. -->","yoast_head_json":{"title":"HERZLICH WILLKOMMEN! - Familienberatung - systemisch, l\u00f6sungsorientiert","description":"HERZLICH WILLKOMMEN! Familienberatung - systemisch, l\u00f6sungsorientiert -","robots":{"index":"index","follow":"follow","max-snippet":"max-snippet:-1","max-image-preview":"max-image-preview:large","max-video-preview":"max-video-preview:-1"},"canonical":"https:\/\/www.renatekruse.de\/","og_locale":"de_DE","og_type":"article","og_title":"HERZLICH WILLKOMMEN! - Familienberatung - systemisch, l\u00f6sungsorientiert","og_description":"HERZLICH WILLKOMMEN! Familienberatung - systemisch, l\u00f6sungsorientiert -","og_url":"https:\/\/www.renatekruse.de\/","og_site_name":"Familienberatung - systemisch, l\u00f6sungsorientiert","article_modified_time":"2023-07-21T19:07:25+00:00","twitter_card":"summary_large_image","twitter_misc":{"Gesch\u00e4tzte Lesezeit":"1\u00a0Minute"},"schema":{"@context":"https:\/\/schema.org","@graph":[{"@type":"WebPage","@id":"https:\/\/www.renatekruse.de\/","url":"https:\/\/www.renatekruse.de\/","name":"HERZLICH WILLKOMMEN! - Familienberatung - systemisch, l\u00f6sungsorientiert","isPartOf":{"@id":"https:\/\/www.renatekruse.de\/#website"},"datePublished":"2023-02-05T14:07:18+00:00","dateModified":"2023-07-21T19:07:25+00:00","description":"HERZLICH WILLKOMMEN! Familienberatung - systemisch, l\u00f6sungsorientiert -","breadcrumb":{"@id":"https:\/\/www.renatekruse.de\/#breadcrumb"},"inLanguage":"de","potentialAction":[{"@type":"ReadAction","target":["https:\/\/www.renatekruse.de\/"]}]},{"@type":"BreadcrumbList","@id":"https:\/\/www.renatekruse.de\/#breadcrumb","itemListElement":[{"@type":"ListItem","position":1,"name":"Startseite","item":"https:\/\/www.renatekruse.de\/"},{"@type":"ListItem","position":2,"name":"HERZLICH WILLKOMMEN!"}]},{"@type":"WebSite","@id":"https:\/\/www.renatekruse.de\/#website","url":"https:\/\/www.renatekruse.de\/","name":"Familienberatung und Heilp\u00e4dagogik","description":"Renate Kruse, Bergisch Gladbach, Systemische Beratung, Familienberatung, Heilp\u00e4dagogik, Marte Meo Therapie","alternateName":"Renate Kruse","potentialAction":[{"@type":"SearchAction","target":{"@type":"EntryPoint","urlTemplate":"https:\/\/www.renatekruse.de\/?s={search_term_string}"},"query-input":{"@type":"PropertyValueSpecification","valueRequired":true,"valueName":"search_term_string"}}],"inLanguage":"de"}]}},"_links":{"self":[{"href":"https:\/\/www.renatekruse.de\/index.php?rest_route=\/wp\/v2\/pages\/557","targetHints":{"allow":["GET"]}}],"collection":[{"href":"https:\/\/www.renatekruse.de\/index.php?rest_route=\/wp\/v2\/pages"}],"about":[{"href":"https:\/\/www.renatekruse.de\/index.php?rest_route=\/wp\/v2\/types\/page"}],"author":[{"embeddable":true,"href":"https:\/\/www.renatekruse.de\/index.php?rest_route=\/wp\/v2\/users\/1"}],"replies":[{"embeddable":true,"href":"https:\/\/www.renatekruse.de\/index.php?rest_route=%2Fwp%2Fv2%2Fcomments&post=557"}],"version-history":[{"count":50,"href":"https:\/\/www.renatekruse.de\/index.php?rest_route=\/wp\/v2\/pages\/557\/revisions"}],"predecessor-version":[{"id":818,"href":"https:\/\/www.renatekruse.de\/index.php?rest_route=\/wp\/v2\/pages\/557\/revisions\/818"}],"wp:attachment":[{"href":"https:\/\/www.renatekruse.de\/index.php?rest_route=%2Fwp%2Fv2%2Fmedia&parent=557"}],"curies":[{"name":"wp","href":"https:\/\/api.w.org\/{rel}","templated":true}]}}