{"id":61,"date":"2022-04-19T11:20:00","date_gmt":"2022-04-19T11:20:00","guid":{"rendered":"https:\/\/renatekruse.de\/?page_id=61"},"modified":"2023-11-10T15:34:04","modified_gmt":"2023-11-10T15:34:04","slug":"meine-laufbahn","status":"publish","type":"page","link":"https:\/\/www.renatekruse.de\/?page_id=61","title":{"rendered":"\u00dcber mich"},"content":{"rendered":"\t\t<div data-elementor-type=\"wp-page\" data-elementor-id=\"61\" class=\"elementor elementor-61\">\n\t\t\t\t\t\t<section class=\"elementor-section elementor-top-section elementor-element elementor-element-75882447 elementor-section-boxed elementor-section-height-default elementor-section-height-default\" data-id=\"75882447\" data-element_type=\"section\" data-e-type=\"section\">\n\t\t\t\t\t\t<div class=\"elementor-container elementor-column-gap-default\">\n\t\t\t\t\t<div class=\"elementor-column elementor-col-100 elementor-top-column elementor-element elementor-element-4dcfad5b\" data-id=\"4dcfad5b\" data-element_type=\"column\" data-e-type=\"column\">\n\t\t\t<div class=\"elementor-widget-wrap elementor-element-populated\">\n\t\t\t\t\t\t<div class=\"elementor-element elementor-element-84b0cfb elementor-widget__width-initial elementor-widget elementor-widget-text-editor\" data-id=\"84b0cfb\" data-element_type=\"widget\" data-e-type=\"widget\" data-widget_type=\"text-editor.default\">\n\t\t\t\t<div class=\"elementor-widget-container\">\n\t\t\t\t\t\t\t\t\t<p>Es ist schon immer meine Herzensangelegenheit gewesen, als systemische Beraterin t\u00e4tig sein zu k\u00f6nnen.\u00a0 Menschen n\u00e4her kennenzulernen, Ihnen einen Raum zu geben, in dem sie zu neuen Erkenntnissen kommen, ist immer wieder eindrucksvoll.<\/p><p><span style=\"font-size: 1rem;\">Als Familienberaterin unterst\u00fctze ich Menschen mit sozial-emotionalen Themen. <\/span><\/p><p>Generell biete ich eine l\u00f6sungsorientierte Beratung und Coaching f\u00fcr alle Fragen an.<\/p><p><span style=\"color: #000000;\"><span style=\"caret-color: #000000;\"><b>QUALIFIKATIONEN<\/b><\/span><\/span><\/p><ul><li style=\"list-style-type: none;\"><ul><li><span style=\"color: #000000;\"><span style=\"font-size: medium;\">Heilp\u00e4dagogin<br \/><\/span><\/span><span style=\"color: #000000;\">staatlich gepr\u00fcft und anerkannt im Jahr 2000<\/span><\/li><li><span style=\"color: #000000;\"><span style=\"font-size: medium;\">Marte Meo Therapeutin<br \/><\/span><\/span><span style=\"color: #000000;\">gepr\u00fcft und zertifiziert durch &#8222;Marte Meo international&#8220; im Jahr 2010<\/span><\/li><li><span style=\"color: #000000;\">Systemische Beraterin (SG)<\/span><span style=\"color: #000000;\"><br \/><\/span><span style=\"color: #000000;\"><span style=\"color: #000000;\">anerkannt und zertifiziert durch die \u201eSystemische Gesellschaft e.V.\u201c\u00a0 im Jahr 2016<\/span><\/span><\/li><\/ul><\/li><\/ul><p><strong>MITGLIEDSCHAFTEN<\/strong><\/p><div><div><div><div><div><p style=\"text-align: left;\"><span style=\"color: #000000;\">Ich bin zertifiziertes Mitglied der SG.<br \/><\/span><span style=\"color: #000000; font-size: 1rem;\">Die SG ist der deutsche Verband f\u00fcr Systemische Forschung, Therapie, Supervision und Beratung e.V.<br \/><\/span><span style=\"color: #000000; font-size: 1rem;\">Die ethischen Richtlinien und fachlichen Standards des Verbandes nehme ich als Grundlage f\u00fcr die Aus\u00fcbung meiner Beratungst\u00e4tigkeit. Das Respektieren und Sch\u00fctzen Ihrer Privatsph\u00e4re ist absolut selbstverst\u00e4ndlich.<\/span><\/p><\/div><\/div><\/div><\/div><\/div>\t\t\t\t\t\t\t\t<\/div>\n\t\t\t\t<\/div>\n\t\t\t\t\t<\/div>\n\t\t<\/div>\n\t\t\t\t\t<\/div>\n\t\t<\/section>\n\t\t\t\t<\/div>\n\t\t","protected":false},"excerpt":{"rendered":"<p>Es ist schon immer meine Herzensangelegenheit gewesen, als systemische Beraterin t\u00e4tig sein zu k\u00f6nnen.\u00a0 Menschen n\u00e4her kennenzulernen, Ihnen einen Raum zu geben, in dem sie zu neuen Erkenntnissen kommen, ist immer wieder eindrucksvoll. Als Familienberaterin unterst\u00fctze ich Menschen mit sozial-emotionalen Themen. Generell biete ich eine l\u00f6sungsorientierte Beratung und Coaching f\u00fcr alle Fragen an. QUALIFIKATIONEN Heilp\u00e4dagoginstaatlich &hellip; <\/p>\n<p class=\"link-more\"><a href=\"https:\/\/www.renatekruse.de\/?page_id=61\" class=\"more-link\"><span class=\"screen-reader-text\">\u201e\u00dcber mich\u201c<\/span> weiterlesen<\/a><\/p>\n","protected":false},"author":1,"featured_media":585,"parent":0,"menu_order":0,"comment_status":"closed","ping_status":"closed","template":"","meta":{"footnotes":""},"class_list":["post-61","page","type-page","status-publish","has-post-thumbnail","hentry"],"yoast_head":"<!-- This site is optimized with the Yoast SEO plugin v27.3 - https:\/\/yoast.com\/product\/yoast-seo-wordpress\/ -->\n<title>\u00dcber mich - Familienberatung - systemisch, l\u00f6sungsorientiert<\/title>\n<meta name=\"description\" content=\"\u00dcber mich Familienberatung - systemisch, l\u00f6sungsorientiert -\" \/>\n<meta name=\"robots\" content=\"index, follow, max-snippet:-1, max-image-preview:large, max-video-preview:-1\" \/>\n<link rel=\"canonical\" href=\"https:\/\/www.renatekruse.de\/?page_id=61\" \/>\n<meta property=\"og:locale\" content=\"de_DE\" \/>\n<meta property=\"og:type\" content=\"article\" \/>\n<meta property=\"og:title\" content=\"\u00dcber mich - Familienberatung - systemisch, l\u00f6sungsorientiert\" \/>\n<meta property=\"og:description\" content=\"\u00dcber mich Familienberatung - systemisch, l\u00f6sungsorientiert -\" \/>\n<meta property=\"og:url\" content=\"https:\/\/www.renatekruse.de\/?page_id=61\" \/>\n<meta property=\"og:site_name\" content=\"Familienberatung - systemisch, l\u00f6sungsorientiert\" \/>\n<meta property=\"article:modified_time\" content=\"2023-11-10T15:34:04+00:00\" \/>\n<meta property=\"og:image\" content=\"https:\/\/www.renatekruse.de\/wp-content\/uploads\/2023\/02\/renatekruse2.jpg\" \/>\n\t<meta property=\"og:image:width\" content=\"2400\" \/>\n\t<meta property=\"og:image:height\" content=\"1600\" \/>\n\t<meta property=\"og:image:type\" content=\"image\/jpeg\" \/>\n<meta name=\"twitter:card\" content=\"summary_large_image\" \/>\n<meta name=\"twitter:label1\" content=\"Gesch\u00e4tzte Lesezeit\" \/>\n\t<meta name=\"twitter:data1\" content=\"1\u00a0Minute\" \/>\n<script type=\"application\/ld+json\" class=\"yoast-schema-graph\">{\"@context\":\"https:\\\/\\\/schema.org\",\"@graph\":[{\"@type\":\"WebPage\",\"@id\":\"https:\\\/\\\/www.renatekruse.de\\\/?page_id=61\",\"url\":\"https:\\\/\\\/www.renatekruse.de\\\/?page_id=61\",\"name\":\"\u00dcber mich - Familienberatung - systemisch, l\u00f6sungsorientiert\",\"isPartOf\":{\"@id\":\"https:\\\/\\\/www.renatekruse.de\\\/#website\"},\"primaryImageOfPage\":{\"@id\":\"https:\\\/\\\/www.renatekruse.de\\\/?page_id=61#primaryimage\"},\"image\":{\"@id\":\"https:\\\/\\\/www.renatekruse.de\\\/?page_id=61#primaryimage\"},\"thumbnailUrl\":\"https:\\\/\\\/www.renatekruse.de\\\/wp-content\\\/uploads\\\/2023\\\/02\\\/renatekruse2.jpg\",\"datePublished\":\"2022-04-19T11:20:00+00:00\",\"dateModified\":\"2023-11-10T15:34:04+00:00\",\"description\":\"\u00dcber mich Familienberatung - systemisch, l\u00f6sungsorientiert -\",\"breadcrumb\":{\"@id\":\"https:\\\/\\\/www.renatekruse.de\\\/?page_id=61#breadcrumb\"},\"inLanguage\":\"de\",\"potentialAction\":[{\"@type\":\"ReadAction\",\"target\":[\"https:\\\/\\\/www.renatekruse.de\\\/?page_id=61\"]}]},{\"@type\":\"ImageObject\",\"inLanguage\":\"de\",\"@id\":\"https:\\\/\\\/www.renatekruse.de\\\/?page_id=61#primaryimage\",\"url\":\"https:\\\/\\\/www.renatekruse.de\\\/wp-content\\\/uploads\\\/2023\\\/02\\\/renatekruse2.jpg\",\"contentUrl\":\"https:\\\/\\\/www.renatekruse.de\\\/wp-content\\\/uploads\\\/2023\\\/02\\\/renatekruse2.jpg\",\"width\":2400,\"height\":1600,\"caption\":\"Renate Kruse vor einem gr\u00fcnen Hintergrund vor ihrer Praxis f\u00fcr Familienberatung und Heilp\u00e4dagogik\"},{\"@type\":\"BreadcrumbList\",\"@id\":\"https:\\\/\\\/www.renatekruse.de\\\/?page_id=61#breadcrumb\",\"itemListElement\":[{\"@type\":\"ListItem\",\"position\":1,\"name\":\"Startseite\",\"item\":\"https:\\\/\\\/www.renatekruse.de\\\/\"},{\"@type\":\"ListItem\",\"position\":2,\"name\":\"\u00dcber mich\"}]},{\"@type\":\"WebSite\",\"@id\":\"https:\\\/\\\/www.renatekruse.de\\\/#website\",\"url\":\"https:\\\/\\\/www.renatekruse.de\\\/\",\"name\":\"Familienberatung und Heilp\u00e4dagogik\",\"description\":\"Renate Kruse, Bergisch Gladbach, Systemische Beratung, Familienberatung, Heilp\u00e4dagogik, Marte Meo Therapie\",\"alternateName\":\"Renate Kruse\",\"potentialAction\":[{\"@type\":\"SearchAction\",\"target\":{\"@type\":\"EntryPoint\",\"urlTemplate\":\"https:\\\/\\\/www.renatekruse.de\\\/?s={search_term_string}\"},\"query-input\":{\"@type\":\"PropertyValueSpecification\",\"valueRequired\":true,\"valueName\":\"search_term_string\"}}],\"inLanguage\":\"de\"}]}<\/script>\n<!-- \/ Yoast SEO plugin. -->","yoast_head_json":{"title":"\u00dcber mich - Familienberatung - systemisch, l\u00f6sungsorientiert","description":"\u00dcber mich Familienberatung - systemisch, l\u00f6sungsorientiert -","robots":{"index":"index","follow":"follow","max-snippet":"max-snippet:-1","max-image-preview":"max-image-preview:large","max-video-preview":"max-video-preview:-1"},"canonical":"https:\/\/www.renatekruse.de\/?page_id=61","og_locale":"de_DE","og_type":"article","og_title":"\u00dcber mich - Familienberatung - systemisch, l\u00f6sungsorientiert","og_description":"\u00dcber mich Familienberatung - systemisch, l\u00f6sungsorientiert -","og_url":"https:\/\/www.renatekruse.de\/?page_id=61","og_site_name":"Familienberatung - systemisch, l\u00f6sungsorientiert","article_modified_time":"2023-11-10T15:34:04+00:00","og_image":[{"width":2400,"height":1600,"url":"https:\/\/www.renatekruse.de\/wp-content\/uploads\/2023\/02\/renatekruse2.jpg","type":"image\/jpeg"}],"twitter_card":"summary_large_image","twitter_misc":{"Gesch\u00e4tzte Lesezeit":"1\u00a0Minute"},"schema":{"@context":"https:\/\/schema.org","@graph":[{"@type":"WebPage","@id":"https:\/\/www.renatekruse.de\/?page_id=61","url":"https:\/\/www.renatekruse.de\/?page_id=61","name":"\u00dcber mich - Familienberatung - systemisch, l\u00f6sungsorientiert","isPartOf":{"@id":"https:\/\/www.renatekruse.de\/#website"},"primaryImageOfPage":{"@id":"https:\/\/www.renatekruse.de\/?page_id=61#primaryimage"},"image":{"@id":"https:\/\/www.renatekruse.de\/?page_id=61#primaryimage"},"thumbnailUrl":"https:\/\/www.renatekruse.de\/wp-content\/uploads\/2023\/02\/renatekruse2.jpg","datePublished":"2022-04-19T11:20:00+00:00","dateModified":"2023-11-10T15:34:04+00:00","description":"\u00dcber mich Familienberatung - systemisch, l\u00f6sungsorientiert -","breadcrumb":{"@id":"https:\/\/www.renatekruse.de\/?page_id=61#breadcrumb"},"inLanguage":"de","potentialAction":[{"@type":"ReadAction","target":["https:\/\/www.renatekruse.de\/?page_id=61"]}]},{"@type":"ImageObject","inLanguage":"de","@id":"https:\/\/www.renatekruse.de\/?page_id=61#primaryimage","url":"https:\/\/www.renatekruse.de\/wp-content\/uploads\/2023\/02\/renatekruse2.jpg","contentUrl":"https:\/\/www.renatekruse.de\/wp-content\/uploads\/2023\/02\/renatekruse2.jpg","width":2400,"height":1600,"caption":"Renate Kruse vor einem gr\u00fcnen Hintergrund vor ihrer Praxis f\u00fcr Familienberatung und Heilp\u00e4dagogik"},{"@type":"BreadcrumbList","@id":"https:\/\/www.renatekruse.de\/?page_id=61#breadcrumb","itemListElement":[{"@type":"ListItem","position":1,"name":"Startseite","item":"https:\/\/www.renatekruse.de\/"},{"@type":"ListItem","position":2,"name":"\u00dcber mich"}]},{"@type":"WebSite","@id":"https:\/\/www.renatekruse.de\/#website","url":"https:\/\/www.renatekruse.de\/","name":"Familienberatung und Heilp\u00e4dagogik","description":"Renate Kruse, Bergisch Gladbach, Systemische Beratung, Familienberatung, Heilp\u00e4dagogik, Marte Meo Therapie","alternateName":"Renate Kruse","potentialAction":[{"@type":"SearchAction","target":{"@type":"EntryPoint","urlTemplate":"https:\/\/www.renatekruse.de\/?s={search_term_string}"},"query-input":{"@type":"PropertyValueSpecification","valueRequired":true,"valueName":"search_term_string"}}],"inLanguage":"de"}]}},"_links":{"self":[{"href":"https:\/\/www.renatekruse.de\/index.php?rest_route=\/wp\/v2\/pages\/61","targetHints":{"allow":["GET"]}}],"collection":[{"href":"https:\/\/www.renatekruse.de\/index.php?rest_route=\/wp\/v2\/pages"}],"about":[{"href":"https:\/\/www.renatekruse.de\/index.php?rest_route=\/wp\/v2\/types\/page"}],"author":[{"embeddable":true,"href":"https:\/\/www.renatekruse.de\/index.php?rest_route=\/wp\/v2\/users\/1"}],"replies":[{"embeddable":true,"href":"https:\/\/www.renatekruse.de\/index.php?rest_route=%2Fwp%2Fv2%2Fcomments&post=61"}],"version-history":[{"count":130,"href":"https:\/\/www.renatekruse.de\/index.php?rest_route=\/wp\/v2\/pages\/61\/revisions"}],"predecessor-version":[{"id":833,"href":"https:\/\/www.renatekruse.de\/index.php?rest_route=\/wp\/v2\/pages\/61\/revisions\/833"}],"wp:featuredmedia":[{"embeddable":true,"href":"https:\/\/www.renatekruse.de\/index.php?rest_route=\/wp\/v2\/media\/585"}],"wp:attachment":[{"href":"https:\/\/www.renatekruse.de\/index.php?rest_route=%2Fwp%2Fv2%2Fmedia&parent=61"}],"curies":[{"name":"wp","href":"https:\/\/api.w.org\/{rel}","templated":true}]}}